{"id":40,"date":"2020-07-21T14:14:55","date_gmt":"2020-07-21T14:14:55","guid":{"rendered":"https:\/\/www.gjesdal-il.com\/deltaker\/?page_id=40"},"modified":"2020-07-22T16:00:30","modified_gmt":"2020-07-22T16:00:30","slug":"kjopsvilkar","status":"publish","type":"page","link":"https:\/\/www.gjesdal-il.com\/deltaker\/kjopsvilkar\/","title":{"rendered":"KJ\u00d8PSVILK\u00c5R"},"content":{"rendered":"\n<h1 class=\"wp-block-heading\">Standard salgsbetingelser for forbrukerkj\u00f8p av varer over Internett<\/h1>\n\n\n\n<h3 class=\"wp-block-heading\">Innholdsfortegnelse<\/h3>\n\n\n\n<ul class=\"wp-block-list\"><li>Innledning<\/li><li>1. Avtalen<\/li><li>2. Partene<\/li><li>3. Pris<\/li><li>4. Avtaleinng\u00e5else<\/li><li>5. Betalingen<\/li><li>6. Levering<\/li><li>7. Risikoen for varen<\/li><li>8. Angrerett<\/li><li>9. Forsinkelse og manglende levering &#8211; kj\u00f8pernes rettigheter og frist for \u00e5 melde krav<ul><li>Oppfyllelse<\/li><li>Heving<\/li><li>Erstatning<\/li><\/ul><\/li><li>10. Mangel ved varen &#8211; kj\u00f8perens rettigheter og reklamasjonsfrist<ul><li>Retting eller omlevering<\/li><li>Prisavslag<\/li><li>Heving<\/li><\/ul><\/li><li>11. Selgerens rettigheter ved kj\u00f8perens mislighold<ul><li>Oppfyllelse<\/li><li>Heving<\/li><li>Renter ved forsinket betaling\/inkassogebyr<\/li><li>Gebyr ved uavhentede ikke-forskuddsbetalte varer<\/li><\/ul><\/li><li>12. Garanti<\/li><li>13. Personopplysninger<\/li><li>14. Konfliktl\u00f8sning<\/li><\/ul>\n\n\n\n<h2 class=\"wp-block-heading\">Innledning<\/h2>\n\n\n\n<p>Dette kj\u00f8pet er regulert av de nedenst\u00e5ende standard salgsbetingelser for forbrukerkj\u00f8p av varer og tjenester over Internett. Forbrukerkj\u00f8p over internett reguleres hovedsakelig av avtaleloven, forbrukerkj\u00f8psloven, markedsf\u00f8ringsloven, angrerettloven og ehandelsloven, og disse lovene gir forbrukeren ufravikelige rettigheter. Lovene er tilgjengelig p\u00e5\u00a0<a rel=\"noreferrer noopener\" target=\"_blank\" href=\"http:\/\/www.lovdata.no\/\">www.lovdata.no.<\/a>\u00a0Vilk\u00e5rene i denne avtalen skal ikke forst\u00e5s som noen begrensning i de lovbestemte rettighetene, men oppstiller partenes viktigste rettigheter og plikter for handelen.<\/p>\n\n\n\n<p>Salgsbetingelsene er utarbeidet og anbefalt av Forbrukertilsynet.&nbsp;<a href=\"https:\/\/forbrukertilsynet.no\/lov-og-rett\/veiledninger-og-retningslinjer\/veiledning-standard-salgsbetingelser-forbrukerkjop-varer-internett\">For en bedre forst\u00e5else av disse salgsbetingelsene, se Forbrukertilsynets veileder her.&nbsp;<\/a><\/p>\n\n\n\n<h2 class=\"wp-block-heading\">1. Avtalen<\/h2>\n\n\n\n<p>Avtalen best\u00e5r av disse salgsbetingelsene, opplysninger gitt i bestillingsl\u00f8sningen og eventuelt s\u00e6rskilt avtalte vilk\u00e5r. Ved eventuell motstrid mellom opplysningene, g\u00e5r det som s\u00e6rskilt er avtalt mellom partene foran, s\u00e5 fremt det ikke strider mot ufravikelig lovgivning.<\/p>\n\n\n\n<p>Avtalen vil i tillegg bli utfylt av relevante lovbestemmelser som regulerer kj\u00f8p av varer mellom n\u00e6ringsdrivende og forbrukere.<\/p>\n\n\n\n<h2 class=\"wp-block-heading\">2. Partene<\/h2>\n\n\n\n<p>Selger er Gjesdal Idrettslag, og betegnes i det f\u00f8lgende som \u00a0selger\/selgeren.<br>Postadresse: Postboks 143, 4339 \u00c5lg\u00e5rd<br>Bes\u00f8ksadresse: \u00c5lg\u00e5rdsheia 25, 4331 \u00c5lg\u00e5rd<br>E-post: <a href=\"mailto:friidrett@gjesdal-il.com\">friidrett@gjesdal-il.com<\/a><br>tlf: 918 42 618<br>Orgnr 987 019 883<\/p>\n\n\n\n<p>Kj\u00f8per er den forbrukeren som foretar bestillingen, og betegnes i det f\u00f8lgende som &nbsp;kj\u00f8per\/kj\u00f8peren.<\/p>\n\n\n\n<h2 class=\"wp-block-heading\">3. Pris<\/h2>\n\n\n\n<p>Den oppgitte prisen for varen og tjenester er den totale prisen kj\u00f8per skal betale. Denne prisen inkluderer alle avgifter og tilleggskostnader. Ytterligere kostnader som selger f\u00f8r kj\u00f8pet ikke har informert om, skal kj\u00f8per ikke b\u00e6re.<\/p>\n\n\n\n<p>Ved alle arrangement vil det v\u00e6re en p\u00e5meldingsfrist. Denne fristen kan variere mellom de ulike arrangement. P\u00e5 enkelte arrangement kan det v\u00e6re mulighet for etteranmelding, og det kan da v\u00e6re en \u00f8kt pris p\u00e5 arrangementet. Dette vil i s\u00e5fall v\u00e6re informasjon som er offentlig i god tid f\u00f8r p\u00e5meldingsfristen.<\/p>\n\n\n\n<h2 class=\"wp-block-heading\">4. Avtaleinng\u00e5else<\/h2>\n\n\n\n<p>Avtalen er bindende for begge parter n\u00e5r kj\u00f8peren har sendt sin bestilling til selgeren.<\/p>\n\n\n\n<p>Avtalen er likevel ikke bindende hvis det har forekommet skrive- eller tastefeil i tilbudet fra selgeren i bestillingsl\u00f8sningen i nettbutikken eller i kj\u00f8perens bestilling, og den annen part inns\u00e5 eller burde ha innsett at det forel\u00e5 en slik feil.<\/p>\n\n\n\n<h2 class=\"wp-block-heading\">5. Betalingen<\/h2>\n\n\n\n<p>Selgeren kan kreve betaling for varen fra det tidspunkt den blir sendt fra selgeren til kj\u00f8peren.<\/p>\n\n\n\n<p>P\u00e5melding til l\u00f8p, belastes bankkort\/kredittkort eller VIPPS samtidig som kj\u00f8per sender inn p\u00e5meldingen. <\/p>\n\n\n\n<p>Vi aksepterer betaling med VIPPS og bank\/kredittkort via Stripe.<\/p>\n\n\n\n<h2 class=\"wp-block-heading\">6. Levering<\/h2>\n\n\n\n<p>Vi selger for tiden ingen fysiske varer via v\u00e5r nettbutikk, bare deltakeravgift til v\u00e5re arrangement. V\u00e5rt produkt er derfor en tjeneste. Denne type tjeneste kan v\u00e6re arrangement som f.eks mosjonsl\u00f8p, l\u00f8pskaruseller, banel\u00f8p, terrengl\u00f8p, skirenn, skikarusell og tilsvarende.<\/p>\n\n\n\n<p>Vi ser derfor leveringen av tjenesten som komplett f\u00f8rst n\u00e5r arrangement er gjennomf\u00f8rt.<\/p>\n\n\n\n<p>Det blir i bestillings\u00f8yblikket \/ tidspunktet for p\u00e5melding sendt ut en ordrebekreftelse p\u00e5 e-post til kj\u00f8per. Det er ikke n\u00f8dvendig \u00e5 medbringe ordrebekreftelse eller annet bevis p\u00e5 bestilling\/p\u00e5melding til arrangementet.<\/p>\n\n\n\n<p>Dersom arrangementet skulle bli avlyst vil kj\u00f8per ha rett p\u00e5 \u00e5 heve p\u00e5meldingen. Se mer om dette i pkt 8. Angrerett.<\/p>\n\n\n\n<h2 class=\"wp-block-heading\">7. Risikoen for varen eller tjensten<\/h2>\n\n\n\n<p>Risikoen for varen g\u00e5r over p\u00e5 kj\u00f8per n\u00e5r han, eller hans representant, har f\u00e5tt varene levert i tr\u00e5d med punkt 6.<\/p>\n\n\n\n<h2 class=\"wp-block-heading\">8. Angrerett<\/h2>\n\n\n\n<p>P\u00e5melding til v\u00e5re arrangement er bindende ved p\u00e5melding dersom ikke annet er oppgitt.<\/p>\n\n\n\n<p>Ved p\u00e5melding til v\u00e5re arrangement gjelder ikke angrerettloven slik den gj\u00f8r ved kj\u00f8p av varer. P\u00e5meldingen er bindende hvis annet ikke er avtalt. Alle avtaler m\u00e5 v\u00e6re skriftlig.<\/p>\n\n\n\n<p>Angrerettlovens kapittel 5 \u00a719 punkt b begrenser angreretten ved kj\u00f8p\/bestilling av visse varer og tjenester: \u201cVed annet fjernsalg enn telefonsalg gjelder angreretten ikke for enkeltst\u00e5ende tjenester dersom selgeren ved avtaleinng\u00e5elsen forplikter seg til \u00e5 levere tjenesten p\u00e5 et bestemt tidspunkt eller innenfor et bestemt tidsrom\u201d.<\/p>\n\n\n\n<p>Ved avlyst arrangement kan kj\u00f8per ha rett p\u00e5 \u00e5 heve p\u00e5meldingen. Kj\u00f8per vil f\u00e5 tilbud om full refusjon, eller til \u00e5 flytte sin p\u00e5melding kostnadsfritt til et annet arrangement som selger arrangerer. Dersom kj\u00f8per velger \u00e5 flytte sin p\u00e5melding til et annet arrangement skal dette arrangeres innen 12 m\u00e5neder dersom ikke annet er avtalt.<\/p>\n\n\n\n<h2 class=\"wp-block-heading\">9. Forsinkelse og manglende levering &#8211; kj\u00f8pernes rettigheter og frist for \u00e5 melde krav<\/h2>\n\n\n\n<p>Dersom selgeren ikke leverer varen eller leverer den for sent i henhold til avtalen mellom partene, og dette ikke skyldes kj\u00f8peren eller forhold p\u00e5 kj\u00f8perens side, kan kj\u00f8peren i henhold til reglene i forbrukerkj\u00f8pslovens kapittel 5 etter omstendighetene&nbsp;<em>holde kj\u00f8pesummen tilbake<\/em>, kreve&nbsp;<em>oppfyl<\/em><em>lelse<\/em>,&nbsp;<em>heve&nbsp;<\/em>avtalen og\/eller kreve&nbsp;<em>erstatning&nbsp;<\/em>fra selgeren.<\/p>\n\n\n\n<p>Ved krav om misligholdsbef\u00f8yelser b\u00f8r meldingen av bevishensyn v\u00e6re skriftlig (for eksempel e-post).<\/p>\n\n\n\n<h3 class=\"wp-block-heading\" id=\"chapter-10-1\">Oppfyllelse<\/h3>\n\n\n\n<p>Kj\u00f8per kan fastholde kj\u00f8pet og kreve oppfyllelse fra selger. Kj\u00f8per kan imidlertid ikke kreve oppfyllelse dersom det foreligger en hindring som selgeren ikke kan overvinne, eller dersom oppfyllelse vil medf\u00f8re en s\u00e5 stor ulempe eller kostnad for selger at det st\u00e5r i vesentlig misforhold til kj\u00f8perens interesse i at selgeren oppfyller. Skulle vanskene falle bort innen rimelig tid, kan kj\u00f8per likevel kreve oppfyllelse.<\/p>\n\n\n\n<p>Kj\u00f8peren taper sin rett til \u00e5 kreve oppfyllelse om han eller hun venter urimelig lenge med \u00e5 fremme kravet.<\/p>\n\n\n\n<h3 class=\"wp-block-heading\" id=\"chapter-10-2\">Heving<\/h3>\n\n\n\n<p>Dersom selgeren ikke leverer varen p\u00e5 leveringstidspunktet, skal kj\u00f8peren oppfordre selger til \u00e5 levere innen en rimelig tilleggsfrist for oppfyllelse. Dersom selger ikke leverer varen innen tilleggsfristen, kan kj\u00f8peren heve kj\u00f8pet.<\/p>\n\n\n\n<p>Kj\u00f8per kan imidlertid heve kj\u00f8pet umiddelbart hvis selger nekter \u00e5 levere varen. Tilsvarende gjelder dersom levering til avtalt tid var avgj\u00f8rende for inng\u00e5elsen av avtalen, eller dersom kj\u00f8peren har underrettet selger om at leveringstidspunktet er avgj\u00f8rende.<\/p>\n\n\n\n<p>Leveres tingen etter tilleggsfristen forbrukeren har satt eller etter leveringstidspunktet som var avgj\u00f8rende for inng\u00e5elsen av avtalen, m\u00e5 krav om heving gj\u00f8res gjeldende innen rimelig tid etter at kj\u00f8peren fikk vite om leveringen.<\/p>\n\n\n\n<h3 class=\"wp-block-heading\" id=\"chapter-10-3\">Erstatning<\/h3>\n\n\n\n<p>Kj\u00f8peren kan kreve erstatning for lidt tap som f\u00f8lge av forsinkelsen. Dette gjelder imidlertid ikke dersom selgeren godtgj\u00f8r at forsinkelsen skyldes hindring utenfor selgers kontroll som ikke med rimelighet kunne blitt tatt i betraktning p\u00e5 avtaletiden, unng\u00e5tt, eller overvunnet f\u00f8lgene av.<\/p>\n\n\n\n<h2 class=\"wp-block-heading\">10. Mangel ved varen &#8211; kj\u00f8perens rettigheter og reklamasjonsfrist<\/h2>\n\n\n\n<p>Hvis det foreligger en mangel ved varen m\u00e5 kj\u00f8per innen rimelig tid etter at den ble oppdaget eller burde ha blitt oppdaget, gi selger melding om at han eller hun vil p\u00e5berope seg mangelen. Kj\u00f8per har alltid reklamert tidsnok dersom det skjer innen 2 mnd. fra mangelen ble oppdaget eller burde blitt oppdaget. Reklamasjon kan skje senest to \u00e5r etter at kj\u00f8per overtok varen. Dersom varen eller deler av den er ment \u00e5 vare vesentlig lenger enn to \u00e5r, er reklamasjonsfristen fem \u00e5r.<\/p>\n\n\n\n<p>Dersom varen har en mangel og dette ikke skyldes kj\u00f8peren eller forhold p\u00e5 kj\u00f8perens side, kan kj\u00f8peren i henhold til reglene i forbrukerkj\u00f8psloven kapittel 6 etter omstendighetene&nbsp;<em>holde kj\u00f8pesummen tilbake<\/em>, velge mellom&nbsp;<em>retting&nbsp;<\/em>og&nbsp;<em>omlevering<\/em>, kreve&nbsp;<em>prisavslag<\/em>, kreve avtalen hevet og\/eller kreve&nbsp;<em>erstatning&nbsp;&nbsp;<\/em>fra selgeren.<\/p>\n\n\n\n<p>Reklamasjon til selgeren b\u00f8r skje skriftlig.<\/p>\n\n\n\n<h3 class=\"wp-block-heading\" id=\"chapter-11-1\">Retting eller omlevering<\/h3>\n\n\n\n<p>Kj\u00f8peren kan velge mellom \u00e5 kreve mangelen rettet eller levering av tilsvarende ting. Selger kan likevel motsette seg kj\u00f8perens krav dersom gjennomf\u00f8ringen av kravet er umulig eller volder selgeren urimelige kostnader. Retting eller omlevering skal foretas innen rimelig tid. Selger har i utgangspunktet ikke rett til \u00e5 foreta mer enn to avhjelpsfors\u00f8k for samme mangel.<\/p>\n\n\n\n<h3 class=\"wp-block-heading\" id=\"chapter-11-2\">Prisavslag<\/h3>\n\n\n\n<p>Kj\u00f8per kan kreve et passende prisavslag dersom varen ikke blir rettet eller omlevert. Dette inneb\u00e6rer at forholdet mellom nedsatt og avtalt pris svarer til forholdet mellom tingens verdi i mangelfull og kontraktsmessig stand. Dersom s\u00e6rlige grunner taler for det, kan prisavslaget i stedet settes lik mangelens betydning for kj\u00f8peren.<\/p>\n\n\n\n<h3 class=\"wp-block-heading\" id=\"chapter-11-3\">Heving<\/h3>\n\n\n\n<p>Dersom varen ikke er rettet eller omlevert, kan kj\u00f8peren ogs\u00e5 heve kj\u00f8pet n\u00e5r mangelen ikke er uvesentlig.<\/p>\n\n\n\n<h2 class=\"wp-block-heading\">11. Selgerens rettigheter ved kj\u00f8perens mislighold<\/h2>\n\n\n\n<p>Dersom kj\u00f8peren ikke betaler eller oppfyller de \u00f8vrige pliktene etter avtalen eller loven, og dette ikke skyldes selgeren eller forhold p\u00e5 selgerens side, kan selgeren i henhold til reglene i forbrukerkj\u00f8psloven kapittel 9 etter omstendighetene&nbsp;<em>holde<\/em>&nbsp;<em>varen tilbake<\/em>, kreve&nbsp;<em>oppfyllelse&nbsp;<\/em>av avtalen, kreve avtalen&nbsp;<em>hevet&nbsp;<\/em>samt kreve&nbsp;<em>erstatning&nbsp;<\/em>fra kj\u00f8peren. Selgeren vil ogs\u00e5 etter omstendighetene kunne kreve&nbsp;<em>renter ved forsinket betaling, inkassogebyr<\/em>&nbsp;og et rimelig&nbsp;<em>gebyr ved uavhentede varer<\/em>.<\/p>\n\n\n\n<h3 class=\"wp-block-heading\" id=\"chapter-12-1\">Oppfyllelse<\/h3>\n\n\n\n<p>Selger kan fastholde kj\u00f8pet og kreve at kj\u00f8peren betaler kj\u00f8pesummen. Er varen ikke levert, taper selgeren sin rett dersom han venter urimelig lenge med \u00e5 fremme kravet.<\/p>\n\n\n\n<h3 class=\"wp-block-heading\" id=\"chapter-12-2\">Heving<\/h3>\n\n\n\n<p>Selger kan heve avtalen dersom det foreligger vesentlig betalingsmislighold eller annet vesentlig mislighold fra kj\u00f8perens side. Selger kan likevel ikke heve dersom hele kj\u00f8pesummen er betalt. Fastsetter selger en rimelig tilleggsfrist for oppfyllelse og kj\u00f8peren ikke betaler innen denne fristen, kan selger heve kj\u00f8pet.<\/p>\n\n\n\n<h3 class=\"wp-block-heading\" id=\"chapter-12-3\">Renter ved forsinket betaling\/inkassogebyr<\/h3>\n\n\n\n<p>Dersom kj\u00f8peren ikke betaler kj\u00f8pesummen i henhold til avtalen, kan selger kreve renter av kj\u00f8pesummen etter forsinkelsesrenteloven. Ved manglende betaling kan kravet, etter forutg\u00e5ende varsel, bli sendt til Kj\u00f8per kan da bli holdt ansvarlig for gebyr etter inkassoloven.<\/p>\n\n\n\n<h3 class=\"wp-block-heading\" id=\"chapter-12-4\">Gebyr ved uavhentede ikke-forskuddsbetalte varer<\/h3>\n\n\n\n<p>Dersom kj\u00f8peren unnlater \u00e5 hente ubetalte varer, kan selger belaste kj\u00f8per med et gebyr. Gebyret skal maksimalt dekke selgerens faktiske &nbsp;utlegg for \u00e5 levere varen til kj\u00f8peren. Et slikt gebyr kan ikke belastes kj\u00f8pere under 18 &nbsp;\u00e5r.<\/p>\n\n\n\n<h2 class=\"wp-block-heading\">12. Garanti<\/h2>\n\n\n\n<p>Garanti som gis av selgeren eller produsenten, gir kj\u00f8peren rettigheter i tillegg til de kj\u00f8peren allerede har etter ufravikelig lovgivning. En garanti inneb\u00e6rer dermed ingen begrensninger i kj\u00f8perens rett til reklamasjon og krav ved forsinkelse eller mangler etter punkt 9 og 10.<\/p>\n\n\n\n<h2 class=\"wp-block-heading\">13. Personopplysninger<\/h2>\n\n\n\n<p>Behandlingsansvarlig for innsamlede personopplysninger er selger. Med mindre kj\u00f8peren samtykker til noe annet, kan selgeren, i tr\u00e5d med personopplysningsloven, kun innhente og lagre de personopplysninger som er n\u00f8dvendig for at selgeren skal kunne gjennomf\u00f8re forpliktelsene etter avtalen. Kj\u00f8perens personopplysninger vil kun bli utlevert til andre hvis det er n\u00f8dvendig for at selger skal f\u00e5 gjennomf\u00f8rt avtalen med kj\u00f8peren, eller i lovbestemte tilfelle.<\/p>\n\n\n\n<h2 class=\"wp-block-heading\">14. Konfliktl\u00f8sning<\/h2>\n\n\n\n<p>Klager rettes til selger innen rimelig tid, jf. punkt 9 og 10. Partene skal fors\u00f8ke \u00e5 l\u00f8se eventuelle tvister i minnelighet. Dersom dette ikke lykkes, kan kj\u00f8peren ta kontakt med Forbrukerr\u00e5det for mekling. Forbrukerr\u00e5det er tilgjengelig &nbsp;p\u00e5 &nbsp;telefon 23&nbsp; 400&nbsp; 500&nbsp; eller&nbsp;<a target=\"_blank\" href=\"http:\/\/www.forbrukerradet.no\/\" rel=\"noreferrer noopener\">www.forbrukerradet.no.<\/a><\/p>\n\n\n\n<p>Europa-Kommisjonens klageportal kan ogs\u00e5 brukes hvis du \u00f8nsker \u00e5 inngi en klage. Det er s\u00e6rlig relevant, hvis du er forbruker bosatt i et annet EU-land. Klagen inngis her:&nbsp;<a href=\"http:\/\/ec.europa.eu\/odr\">http:\/\/ec.europa.eu\/odr<\/a>.<\/p>\n","protected":false},"excerpt":{"rendered":"<p>Standard salgsbetingelser for forbrukerkj\u00f8p av varer over Internett Innholdsfortegnelse Innledning 1. Avtalen 2. Partene 3. Pris 4. Avtaleinng\u00e5else 5. Betalingen 6. Levering 7. Risikoen for varen 8. Angrerett 9. Forsinkelse og manglende levering &#8211; kj\u00f8pernes rettigheter og frist for \u00e5 melde krav Oppfyllelse Heving Erstatning 10. Mangel ved varen &#8211; kj\u00f8perens rettigheter og reklamasjonsfrist Retting &hellip; <a href=\"https:\/\/www.gjesdal-il.com\/deltaker\/kjopsvilkar\/\" class=\"more-link\">Fortsett \u00e5 lese <span class=\"screen-reader-text\">KJ\u00d8PSVILK\u00c5R<\/span> <span class=\"meta-nav\">&rarr;<\/span><\/a><\/p>\n","protected":false},"author":1,"featured_media":0,"parent":0,"menu_order":0,"comment_status":"closed","ping_status":"closed","template":"","meta":{"footnotes":"","_links_to":"","_links_to_target":""},"class_list":["post-40","page","type-page","status-publish","hentry"],"jetpack_sharing_enabled":true,"_links":{"self":[{"href":"https:\/\/www.gjesdal-il.com\/deltaker\/wp-json\/wp\/v2\/pages\/40","targetHints":{"allow":["GET"]}}],"collection":[{"href":"https:\/\/www.gjesdal-il.com\/deltaker\/wp-json\/wp\/v2\/pages"}],"about":[{"href":"https:\/\/www.gjesdal-il.com\/deltaker\/wp-json\/wp\/v2\/types\/page"}],"author":[{"embeddable":true,"href":"https:\/\/www.gjesdal-il.com\/deltaker\/wp-json\/wp\/v2\/users\/1"}],"replies":[{"embeddable":true,"href":"https:\/\/www.gjesdal-il.com\/deltaker\/wp-json\/wp\/v2\/comments?post=40"}],"version-history":[{"count":4,"href":"https:\/\/www.gjesdal-il.com\/deltaker\/wp-json\/wp\/v2\/pages\/40\/revisions"}],"predecessor-version":[{"id":47,"href":"https:\/\/www.gjesdal-il.com\/deltaker\/wp-json\/wp\/v2\/pages\/40\/revisions\/47"}],"wp:attachment":[{"href":"https:\/\/www.gjesdal-il.com\/deltaker\/wp-json\/wp\/v2\/media?parent=40"}],"curies":[{"name":"wp","href":"https:\/\/api.w.org\/{rel}","templated":true}]}}