{"id":218,"date":"2023-06-28T10:54:55","date_gmt":"2023-06-28T10:54:55","guid":{"rendered":"https:\/\/www.gjesdal-il.com\/deltaker\/?post_type=product&#038;p=218"},"modified":"2024-09-12T05:33:05","modified_gmt":"2024-09-12T05:33:05","slug":"rulleskiskole-2023","status":"publish","type":"product","link":"https:\/\/www.gjesdal-il.com\/deltaker\/produkt\/rulleskiskole-2023\/","title":{"rendered":"Rulleskiskole 2024"},"content":{"rendered":"<p class=\"p1\"><span class=\"s1\">Vil du pr\u00f8ve rulleski?<\/span><\/p>\n<p class=\"p3\"><span class=\"s1\">S\u00f8ndag 18. august innviterer Gjesdal Idrettslag til gratis rulleskidag p\u00e5 Gjesdal Idrettspark.<\/span><\/p>\n<p class=\"p3\"><span class=\"s1\">Deltakelse er GRATIS! Men vi m\u00e5 ha p\u00e5melding pga begrenset kapasitet.<\/span><\/p>\n<p class=\"p1\"><span class=\"s1\">Vi har gratis utl\u00e5n av rulleski og sko. <\/span><\/p>\n<p class=\"p1\"><span class=\"s1\">HUSK EGEN SYKKELHJELM!<\/span><\/p>\n<p class=\"p5\"><span class=\"s3\">MAKS 25 DELTAKERE<br \/>\n<\/span><span class=\"s2\">Vi setter opp venteliste ved flere p\u00e5meldinger.<\/span><\/p>\n","protected":false},"excerpt":{"rendered":"<p>Vil du pr\u00f8ve rulleski? S\u00f8ndag 18. august innviterer Gjesdal Idrettslag til gratis rulleskidag p\u00e5 Gjesdal Idrettspark. Deltakelse er GRATIS! Men vi m\u00e5 ha p\u00e5melding pga begrenset kapasitet. Vi har gratis utl\u00e5n av rulleski og sko. HUSK EGEN SYKKELHJELM! MAKS 25 DELTAKERE Vi setter opp venteliste ved flere p\u00e5meldinger.<\/p>\n","protected":false},"featured_media":219,"template":"","meta":{"_links_to":"","_links_to_target":""},"product_cat":[20],"product_tag":[],"class_list":["post-218","product","type-product","status-publish","has-post-thumbnail","hentry","product_cat-rulleskiskole"],"jetpack_sharing_enabled":true,"_links":{"self":[{"href":"https:\/\/www.gjesdal-il.com\/deltaker\/wp-json\/wp\/v2\/product\/218","targetHints":{"allow":["GET"]}}],"collection":[{"href":"https:\/\/www.gjesdal-il.com\/deltaker\/wp-json\/wp\/v2\/product"}],"about":[{"href":"https:\/\/www.gjesdal-il.com\/deltaker\/wp-json\/wp\/v2\/types\/product"}],"wp:featuredmedia":[{"embeddable":true,"href":"https:\/\/www.gjesdal-il.com\/deltaker\/wp-json\/wp\/v2\/media\/219"}],"wp:attachment":[{"href":"https:\/\/www.gjesdal-il.com\/deltaker\/wp-json\/wp\/v2\/media?parent=218"}],"wp:term":[{"taxonomy":"product_cat","embeddable":true,"href":"https:\/\/www.gjesdal-il.com\/deltaker\/wp-json\/wp\/v2\/product_cat?post=218"},{"taxonomy":"product_tag","embeddable":true,"href":"https:\/\/www.gjesdal-il.com\/deltaker\/wp-json\/wp\/v2\/product_tag?post=218"}],"curies":[{"name":"wp","href":"https:\/\/api.w.org\/{rel}","templated":true}]}}