{"id":12,"date":"2024-04-18T13:06:45","date_gmt":"2024-04-18T13:06:45","guid":{"rendered":"https:\/\/www.gjesdal-il.com\/leroy\/?page_id=12"},"modified":"2025-09-07T14:35:59","modified_gmt":"2025-09-07T12:35:59","slug":"deltakerinfo","status":"publish","type":"page","link":"https:\/\/www.gjesdal-il.com\/leroy\/deltakerinfo\/","title":{"rendered":"Deltakerinfo 2025"},"content":{"rendered":"\n<div class=\"wp-block-group\"><div class=\"wp-block-group__inner-container is-layout-constrained wp-block-group-is-layout-constrained\">\n<details class=\"wp-block-details is-layout-flow wp-block-details-is-layout-flow\"><summary>Praktisk info<\/summary>\n<p><strong>Lengde og tresteg<\/strong><br>For \u00e5 begrense tid p\u00e5 innl\u00f8ping av till\u00f8pet, m\u00e5 ut\u00f8verne benytte det utlagte m\u00e5leb\u00e5ndet ved siden av till\u00f8pet til oppm\u00e5ling.<br>Det vil si at de som skritter b\u00f8r p\u00e5 forh\u00e5nd ha m\u00e5lt opp sitt till\u00f8p i f.eks meter og cm.<br>Det er et meget stramt tidsskjema p\u00e5 lengde og tresteg \u00f8velsene \u2013 derfor dette!<br>&nbsp;<br><strong>Tresteg satssone<\/strong><br>Det blir m\u00e5lt opp 5, 7 og 9 meter satsstrek til tresteg..<br>&nbsp;<br><strong>Tidsskjema \u2013 Enkelte kollisjoner tekniske \u00f8velser og l\u00f8p<\/strong><br>Tidsskjemaet er laget slik at det ikke er kollisjoner mellom tekniske \u00f8velser, men enkelte ut\u00f8vere kan f\u00e5 kollisjon mellom tekniske \u00f8velser og l\u00f8ps\u00f8velser.<br>Vi fors\u00f8ker \u00e5 v\u00e6re fleksible, men ut\u00f8vere vil m\u00e5tte prioritere. I 3 innledende fors\u00f8k vil man kunne v\u00e6re fleksible p\u00e5 rekkef\u00f8lge, men i evt. finalerunder m\u00e5 man v\u00e6re tilstede n\u00e5r man skal ta sitt fors\u00f8k.<br>&nbsp;<br><strong>Utstyr&nbsp;<\/strong><br>Alle tekniske \u00f8velser foreg\u00e5r med arrang\u00f8rens utstyr. Det er lov \u00e5 ta med egne kastredskaper som Slegge , Diskos, Spyd og Kule<br>Unntak er stav \u2013 hvor vi har et begrenset utvalg av staver. <strong>Stav arrangeres i Sandneshallen<\/strong><\/p>\n<\/details>\n\n\n\n<details class=\"wp-block-details is-layout-flow wp-block-details-is-layout-flow\"><summary>Arenakart<\/summary>\n<figure class=\"wp-block-image size-large\"><img loading=\"lazy\" decoding=\"async\" width=\"1024\" height=\"502\" src=\"https:\/\/www.gjesdal-il.com\/leroy\/wp-content\/uploads\/2024\/08\/arenakart-1024x502.png\" alt=\"\" class=\"wp-image-104\" srcset=\"https:\/\/www.gjesdal-il.com\/leroy\/wp-content\/uploads\/2024\/08\/arenakart-1024x502.png 1024w, https:\/\/www.gjesdal-il.com\/leroy\/wp-content\/uploads\/2024\/08\/arenakart-300x147.png 300w, https:\/\/www.gjesdal-il.com\/leroy\/wp-content\/uploads\/2024\/08\/arenakart-768x376.png 768w, https:\/\/www.gjesdal-il.com\/leroy\/wp-content\/uploads\/2024\/08\/arenakart-1536x753.png 1536w, https:\/\/www.gjesdal-il.com\/leroy\/wp-content\/uploads\/2024\/08\/arenakart-2048x1003.png 2048w, https:\/\/www.gjesdal-il.com\/leroy\/wp-content\/uploads\/2024\/08\/arenakart-720x353.png 720w\" sizes=\"auto, (max-width: 1024px) 100vw, 1024px\" \/><\/figure>\n\n\n\n<p>\u2139\ufe0f Stevnekontor (inne p\u00e5 Gjesdal IL Klubbhus)<br>\ud83e\udd48\ud83e\udd47\ud83e\udd49 Premieutdeling<br>\ud83d\udebe Toalett (4 garderober + 2 HC toalett p\u00e5 Gjesdal IL klubbhus)+Sol\u00e5s skole<br>\ud83d\ude34 Sol\u00e5s skole &#8211; klasserom\/soverom<br>\ud83e\udea9 Disco-party l\u00f8rdags kveld p\u00e5 Gjesdal IL Klubbhus + kiosk under disco party<br>\ud83c\udf7d\ufe0f Bespisning (frokost + lunch + middag) inne p\u00e5 Gjesdal IL Klubbhus + kiosk under stevnet<br>Lilla strek = oppvarmingsomr\u00e5der<br>Gr\u00f8nn strek = innmarsj tras\u00e9<\/p>\n<\/details>\n<\/div><\/div>\n\n\n\n<details class=\"wp-block-details is-layout-flow wp-block-details-is-layout-flow\"><summary>Dagsprogram generellt tidsskjema<\/summary>\n<p><strong>Fredag<\/strong>:<br>Kveldsmat serveres fortl\u00f8pende n\u00e5r kretsene kommer (servering fra 18:00)<br>Ro p\u00e5 klasserommene 23:00<\/p>\n\n\n\n<p><strong>L\u00f8rdag<\/strong>:<br>Frokost serveres fra 9:00-10:30<br>Innmarsj begynner 12:00<br>\u00c5pning og taler fra Ordf\u00f8rer i Gjesdal Kommune og Linn Baarlid fra NFIF<br>Stevnet begynner 13:00<br>Stav i Sandneshallen begynner TBA. Avgangstidspunkt p\u00e5 buss kommer.<br>Stevnet avsluttes ca 18:00<br>Middag serveres fra 19:00-20:00<br>Discoparty fra 20:30-22:00<br>Ro p\u00e5 klasserommene 23:00<\/p>\n\n\n\n<p><strong>S\u00f8ndag<\/strong>:<br>Frokost serveres fra 8:00-10:00<br>Stevnet begynner 10:00<br>Stevnet slutter ca 14:30<br>Avreise ca 15:00<\/p>\n<\/details>\n\n\n\n<details class=\"wp-block-details is-layout-flow wp-block-details-is-layout-flow\"><summary>Tidsskjema Friidretts konkurransene<\/summary>\n<p><a href=\"https:\/\/www.gjesdal-il.com\/leroy\/wp-content\/uploads\/2025\/09\/Tidsskjema-Leroylekene-2025-Lordag-version-01-.pdf\">L\u00f8rdag<\/a><\/p>\n\n\n\n<p><a href=\"https:\/\/www.gjesdal-il.com\/leroy\/wp-content\/uploads\/2025\/09\/Tidsskjema-Leroylekene-2025-Sondag-version-01-.pdf\">S\u00f8ndag<\/a><\/p>\n<\/details>\n\n\n\n<details class=\"wp-block-details is-layout-flow wp-block-details-is-layout-flow\"><summary>Dagsprogram konkurranse<\/summary>\n<p><strong>L\u00f8rdag<\/strong>:<br>60 meter hekk (fors\u00f8k + finale)<br>200 meter<br>600 meter<br>1000 meter kappgang<br>Stav (Sandneshallen)<br>Lengde<br>Kule<br>Diskos<br>Stafett 10&#215;80 meter<\/p>\n\n\n\n<p><strong>S\u00f8ndag<\/strong>:<br>200 meter hekk<br>60 meter (fors\u00f8k + finale)<br>1500 meter<br>Spyd<br>H\u00f8yde<br>Tresteg<br>Slegge<br>Stafett 8&#215;200 meter<\/p>\n<\/details>\n\n\n\n<details class=\"wp-block-details is-layout-flow wp-block-details-is-layout-flow\"><summary>Deltakerlister og heatoppsett<\/summary>\n<p>Deltakerlister og heatoppsett blir publisert her etter p\u00e5meldingsfristen har g\u00e5tt ut: <a href=\"https:\/\/www.gjesdal-il.com\/leroy\/resultater\/\">https:\/\/www.gjesdal-il.com\/leroy\/resultater\/<\/a><\/p>\n<\/details>\n\n\n\n<details class=\"wp-block-details is-layout-flow wp-block-details-is-layout-flow\"><summary>Oppvarming<\/summary>\n<p>Like ved og rundt Gjesdal Idrettspark er det gode oppvarmingsmuligheter. Det er sykkel\/gangstier rundt friidrett og fotballbanene. Det er i tillegg en 1km lang grussti inn til Flassavatnet som er god \u00e5 jogge p\u00e5.<br>Like ved parkeringen er det ogs\u00e5 en Tuftepark som ut\u00f8verne kan bruke under arrangementet.<\/p>\n<\/details>\n\n\n\n<details class=\"wp-block-details is-layout-flow wp-block-details-is-layout-flow\"><summary>Ingen streaming<\/summary>\n<p>Idrettsforbundet har i juni 2002 kommer med nye&nbsp;<a href=\"https:\/\/www.idrettsforbundet.no\/nyheter\/2022\/nye-retningslinjer-for-stromming-av-barne--og-ungdomsidretten\/\">retningslinjer<\/a>&nbsp;for str\u00f8mming av barne- og undomsidretten. Dette inneb\u00e6rer at vi ikke kan tilby stream av Ler\u00f8ylekene i \u00e5r.<\/p>\n<\/details>\n\n\n\n<details class=\"wp-block-details is-layout-flow wp-block-details-is-layout-flow\"><summary>P\u00e5melding og uttak<\/summary>\n<p>Dette gj\u00f8res av din friidrettskrets. Alle sp\u00f8rsm\u00e5l rundt uttak og p\u00e5melding til \u00f8velsene m\u00e5 du rette til din kontaktperson i din friidrettskrets.<\/p>\n<\/details>\n\n\n\n<details class=\"wp-block-details is-layout-flow wp-block-details-is-layout-flow\"><summary>Overnatting<\/summary>\n<p>Overnatting vil skje p\u00e5 Sol\u00e5s Skole som ligger 50 meter fra \u00c5lg\u00e5rd Stadion.<\/p>\n<\/details>\n\n\n\n<details class=\"wp-block-details is-layout-flow wp-block-details-is-layout-flow\"><summary>Program<\/summary>\n<p><a href=\"https:\/\/www.gjesdal-il.com\/leroy\/wp-content\/uploads\/2024\/08\/leroy-lekene-konsept-og-reglement-versjon-2024.pdf\">Konsept og reglement<\/a><\/p>\n<\/details>\n\n\n\n<details class=\"wp-block-details is-layout-flow wp-block-details-is-layout-flow\"><summary>Friidrettsforbundets Ler\u00f8y sider<\/summary>\n<p>Friidrettsforbundets Ler\u00f8y-leker sider finner du her:&nbsp;<a href=\"https:\/\/www.friidrett.no\/barn-og-ungdom\/aktiviteter-for-ungdom\/leroy-lekene\/\">https:\/\/www.friidrett.no\/barn-og-ungdom\/aktiviteter-for-ungdom\/leroy-lekene\/<\/a><\/p>\n<\/details>\n","protected":false},"excerpt":{"rendered":"","protected":false},"author":1,"featured_media":0,"parent":0,"menu_order":0,"comment_status":"closed","ping_status":"closed","template":"","meta":{"footnotes":""},"class_list":["post-12","page","type-page","status-publish","hentry"],"_links":{"self":[{"href":"https:\/\/www.gjesdal-il.com\/leroy\/wp-json\/wp\/v2\/pages\/12","targetHints":{"allow":["GET"]}}],"collection":[{"href":"https:\/\/www.gjesdal-il.com\/leroy\/wp-json\/wp\/v2\/pages"}],"about":[{"href":"https:\/\/www.gjesdal-il.com\/leroy\/wp-json\/wp\/v2\/types\/page"}],"author":[{"embeddable":true,"href":"https:\/\/www.gjesdal-il.com\/leroy\/wp-json\/wp\/v2\/users\/1"}],"replies":[{"embeddable":true,"href":"https:\/\/www.gjesdal-il.com\/leroy\/wp-json\/wp\/v2\/comments?post=12"}],"version-history":[{"count":30,"href":"https:\/\/www.gjesdal-il.com\/leroy\/wp-json\/wp\/v2\/pages\/12\/revisions"}],"predecessor-version":[{"id":142,"href":"https:\/\/www.gjesdal-il.com\/leroy\/wp-json\/wp\/v2\/pages\/12\/revisions\/142"}],"wp:attachment":[{"href":"https:\/\/www.gjesdal-il.com\/leroy\/wp-json\/wp\/v2\/media?parent=12"}],"curies":[{"name":"wp","href":"https:\/\/api.w.org\/{rel}","templated":true}]}}